{"id":500,"date":"2020-10-27T19:53:54","date_gmt":"2020-10-27T18:53:54","guid":{"rendered":"http:\/\/i-ryde.de\/?page_id=500"},"modified":"2020-12-22T19:13:49","modified_gmt":"2020-12-22T18:13:49","slug":"testfahrt","status":"publish","type":"page","link":"https:\/\/i-ryde.de\/en\/testfahrt\/","title":{"rendered":"test drive"},"content":{"rendered":"<p>[et_pb_section fb_built=&#8220;1&#8243; _builder_version=&#8220;4.6.5&#8243; _module_preset=&#8220;default&#8220; background_color=&#8220;#e09900&#8243; custom_padding=&#8220;80px||15px||false|false&#8220; top_divider_height=&#8220;50px&#8220; top_divider_flip=&#8220;vertical&#8220;][et_pb_row _builder_version=&#8220;4.6.5&#8243; _module_preset=&#8220;default&#8220; custom_padding=&#8220;50px||50px||false|false&#8220;][et_pb_column type=&#8220;4_4&#8243; _builder_version=&#8220;4.6.5&#8243; _module_preset=&#8220;default&#8220;][dsm_text_notation notation_text=&#8220;Buche jetzt deine kostenlose Testfahrt&#8220; notation_color=&#8220;#e02b20&#8243; notation_width=&#8220;3&#8243; notation_iterations=&#8220;5&#8243; notation_delay=&#8220;300ms&#8220; heading_html_tag=&#8220;h2&#8243; _builder_version=&#8220;4.6.5&#8243; _module_preset=&#8220;default&#8220; header_font_size=&#8220;42px&#8220; text_orientation=&#8220;center&#8220; min_height=&#8220;88px&#8220; custom_margin=&#8220;||1px||false|false&#8220;][\/dsm_text_notation][\/et_pb_column][\/et_pb_row][et_pb_row _builder_version=&#8220;4.6.5&#8243; _module_preset=&#8220;default&#8220; background_color=&#8220;#ffffff&#8220; custom_margin=&#8220;||100px||false|false&#8220; custom_padding=&#8220;15px|15px|15px|15px|false|false&#8220; border_radii=&#8220;on|10px|10px|10px|10px&#8220; box_shadow_style=&#8220;preset1&#8243; locked=&#8220;off&#8220;][et_pb_column type=&#8220;4_4&#8243; _builder_version=&#8220;4.6.5&#8243; _module_preset=&#8220;default&#8220;][et_pb_contact_form captcha=&#8220;off&#8220; email=&#8220;support@i-ryde.de&#8220; custom_message=&#8220;Testfahrt Anfrage i-Ryde. Bitte schnellstm\u00f6glich drauf melden.||et_pb_line_break_holder||%%vorname%% %%name%% ||et_pb_line_break_holder||%%str1%% %%ort1%% ||et_pb_line_break_holder||%%tele1%% ||et_pb_line_break_holder||%%email%% ||et_pb_line_break_holder||%%typ1%% %%model1%% ||et_pb_line_break_holder||%%Daten1%%&#8220; success_message=&#8220;Gl\u00fcckwunsch, deine Testfahrt anfrage ist versendet. Wir werden uns schnellstm\u00f6glich mit dir in Verbindung setzen.&#8220; submit_button_text=&#8220;Senden&#8220; admin_label=&#8220;Kontaktformular&#8220; _builder_version=&#8220;4.6.5&#8243; _module_preset=&#8220;default&#8220; min_height=&#8220;382px&#8220; hover_enabled=&#8220;0&#8243; box_shadow_style=&#8220;preset2&#8243; box_shadow_horizontal=&#8220;3px&#8220; box_shadow_vertical=&#8220;3px&#8220; box_shadow_blur=&#8220;8px&#8220; box_shadow_spread=&#8220;-2px&#8220; locked=&#8220;off&#8220; sticky_enabled=&#8220;0&#8243;][et_pb_contact_field field_id=&#8220;Vorname&#8220; field_title=&#8220;Vorname*&#8220; _builder_version=&#8220;4.6.5&#8243; button_text_size__hover_enabled=&#8220;off&#8220; button_one_text_size__hover_enabled=&#8220;off&#8220; button_two_text_size__hover_enabled=&#8220;off&#8220; button_text_color__hover_enabled=&#8220;off&#8220; button_one_text_color__hover_enabled=&#8220;off&#8220; button_two_text_color__hover_enabled=&#8220;off&#8220; button_border_width__hover_enabled=&#8220;off&#8220; button_one_border_width__hover_enabled=&#8220;off&#8220; button_two_border_width__hover_enabled=&#8220;off&#8220; button_border_color__hover_enabled=&#8220;off&#8220; button_one_border_color__hover_enabled=&#8220;off&#8220; button_two_border_color__hover_enabled=&#8220;off&#8220; button_border_radius__hover_enabled=&#8220;off&#8220; button_one_border_radius__hover_enabled=&#8220;off&#8220; button_two_border_radius__hover_enabled=&#8220;off&#8220; button_letter_spacing__hover_enabled=&#8220;off&#8220; button_one_letter_spacing__hover_enabled=&#8220;off&#8220; button_two_letter_spacing__hover_enabled=&#8220;off&#8220; button_bg_color__hover_enabled=&#8220;off&#8220; button_one_bg_color__hover_enabled=&#8220;off&#8220; button_two_bg_color__hover_enabled=&#8220;off&#8220;][\/et_pb_contact_field][et_pb_contact_field field_id=&#8220;Name&#8220; field_title=&#8220;Name*&#8220; _builder_version=&#8220;4.6.5&#8243; button_text_size__hover_enabled=&#8220;off&#8220; button_one_text_size__hover_enabled=&#8220;off&#8220; button_two_text_size__hover_enabled=&#8220;off&#8220; button_text_color__hover_enabled=&#8220;off&#8220; button_one_text_color__hover_enabled=&#8220;off&#8220; button_two_text_color__hover_enabled=&#8220;off&#8220; button_border_width__hover_enabled=&#8220;off&#8220; button_one_border_width__hover_enabled=&#8220;off&#8220; button_two_border_width__hover_enabled=&#8220;off&#8220; button_border_color__hover_enabled=&#8220;off&#8220; button_one_border_color__hover_enabled=&#8220;off&#8220; button_two_border_color__hover_enabled=&#8220;off&#8220; button_border_radius__hover_enabled=&#8220;off&#8220; button_one_border_radius__hover_enabled=&#8220;off&#8220; button_two_border_radius__hover_enabled=&#8220;off&#8220; button_letter_spacing__hover_enabled=&#8220;off&#8220; button_one_letter_spacing__hover_enabled=&#8220;off&#8220; button_two_letter_spacing__hover_enabled=&#8220;off&#8220; button_bg_color__hover_enabled=&#8220;off&#8220; button_one_bg_color__hover_enabled=&#8220;off&#8220; button_two_bg_color__hover_enabled=&#8220;off&#8220;][\/et_pb_contact_field][et_pb_contact_field field_id=&#8220;str1&#8243; field_title=&#8220;Stra\u00dfe*&#8220; _builder_version=&#8220;4.6.5&#8243; hover_enabled=&#8220;0&#8243; button_text_size__hover_enabled=&#8220;off&#8220; button_one_text_size__hover_enabled=&#8220;off&#8220; button_two_text_size__hover_enabled=&#8220;off&#8220; button_text_color__hover_enabled=&#8220;off&#8220; button_one_text_color__hover_enabled=&#8220;off&#8220; button_two_text_color__hover_enabled=&#8220;off&#8220; button_border_width__hover_enabled=&#8220;off&#8220; button_one_border_width__hover_enabled=&#8220;off&#8220; button_two_border_width__hover_enabled=&#8220;off&#8220; button_border_color__hover_enabled=&#8220;off&#8220; button_one_border_color__hover_enabled=&#8220;off&#8220; button_two_border_color__hover_enabled=&#8220;off&#8220; button_border_radius__hover_enabled=&#8220;off&#8220; button_one_border_radius__hover_enabled=&#8220;off&#8220; button_two_border_radius__hover_enabled=&#8220;off&#8220; button_letter_spacing__hover_enabled=&#8220;off&#8220; button_one_letter_spacing__hover_enabled=&#8220;off&#8220; button_two_letter_spacing__hover_enabled=&#8220;off&#8220; button_bg_color__hover_enabled=&#8220;off&#8220; button_one_bg_color__hover_enabled=&#8220;off&#8220; button_two_bg_color__hover_enabled=&#8220;off&#8220; sticky_enabled=&#8220;0&#8243;][\/et_pb_contact_field][et_pb_contact_field field_id=&#8220;Ort1&#8243; field_title=&#8220;PLZ &#038; Ort*&#8220; _builder_version=&#8220;4.6.5&#8243; hover_enabled=&#8220;0&#8243; button_text_size__hover_enabled=&#8220;off&#8220; button_one_text_size__hover_enabled=&#8220;off&#8220; button_two_text_size__hover_enabled=&#8220;off&#8220; button_text_color__hover_enabled=&#8220;off&#8220; button_one_text_color__hover_enabled=&#8220;off&#8220; button_two_text_color__hover_enabled=&#8220;off&#8220; button_border_width__hover_enabled=&#8220;off&#8220; button_one_border_width__hover_enabled=&#8220;off&#8220; button_two_border_width__hover_enabled=&#8220;off&#8220; button_border_color__hover_enabled=&#8220;off&#8220; button_one_border_color__hover_enabled=&#8220;off&#8220; button_two_border_color__hover_enabled=&#8220;off&#8220; button_border_radius__hover_enabled=&#8220;off&#8220; button_one_border_radius__hover_enabled=&#8220;off&#8220; button_two_border_radius__hover_enabled=&#8220;off&#8220; button_letter_spacing__hover_enabled=&#8220;off&#8220; button_one_letter_spacing__hover_enabled=&#8220;off&#8220; button_two_letter_spacing__hover_enabled=&#8220;off&#8220; button_bg_color__hover_enabled=&#8220;off&#8220; button_one_bg_color__hover_enabled=&#8220;off&#8220; button_two_bg_color__hover_enabled=&#8220;off&#8220; sticky_enabled=&#8220;0&#8243;][\/et_pb_contact_field][et_pb_contact_field field_id=&#8220;tele1&#8243; field_title=&#8220;Telefonnummer*&#8220; _builder_version=&#8220;4.6.5&#8243; hover_enabled=&#8220;0&#8243; button_text_size__hover_enabled=&#8220;off&#8220; button_one_text_size__hover_enabled=&#8220;off&#8220; button_two_text_size__hover_enabled=&#8220;off&#8220; button_text_color__hover_enabled=&#8220;off&#8220; button_one_text_color__hover_enabled=&#8220;off&#8220; button_two_text_color__hover_enabled=&#8220;off&#8220; button_border_width__hover_enabled=&#8220;off&#8220; button_one_border_width__hover_enabled=&#8220;off&#8220; button_two_border_width__hover_enabled=&#8220;off&#8220; button_border_color__hover_enabled=&#8220;off&#8220; button_one_border_color__hover_enabled=&#8220;off&#8220; button_two_border_color__hover_enabled=&#8220;off&#8220; button_border_radius__hover_enabled=&#8220;off&#8220; button_one_border_radius__hover_enabled=&#8220;off&#8220; button_two_border_radius__hover_enabled=&#8220;off&#8220; button_letter_spacing__hover_enabled=&#8220;off&#8220; button_one_letter_spacing__hover_enabled=&#8220;off&#8220; button_two_letter_spacing__hover_enabled=&#8220;off&#8220; button_bg_color__hover_enabled=&#8220;off&#8220; button_one_bg_color__hover_enabled=&#8220;off&#8220; button_two_bg_color__hover_enabled=&#8220;off&#8220; sticky_enabled=&#8220;0&#8243;][\/et_pb_contact_field][et_pb_contact_field field_id=&#8220;Email&#8220; field_title=&#8220;E-Mail-Adresse*&#8220; field_type=&#8220;email&#8220; _builder_version=&#8220;4.6.5&#8243; hover_enabled=&#8220;0&#8243; button_text_size__hover_enabled=&#8220;off&#8220; button_one_text_size__hover_enabled=&#8220;off&#8220; button_two_text_size__hover_enabled=&#8220;off&#8220; button_text_color__hover_enabled=&#8220;off&#8220; button_one_text_color__hover_enabled=&#8220;off&#8220; button_two_text_color__hover_enabled=&#8220;off&#8220; button_border_width__hover_enabled=&#8220;off&#8220; button_one_border_width__hover_enabled=&#8220;off&#8220; button_two_border_width__hover_enabled=&#8220;off&#8220; button_border_color__hover_enabled=&#8220;off&#8220; button_one_border_color__hover_enabled=&#8220;off&#8220; button_two_border_color__hover_enabled=&#8220;off&#8220; button_border_radius__hover_enabled=&#8220;off&#8220; button_one_border_radius__hover_enabled=&#8220;off&#8220; button_two_border_radius__hover_enabled=&#8220;off&#8220; button_letter_spacing__hover_enabled=&#8220;off&#8220; button_one_letter_spacing__hover_enabled=&#8220;off&#8220; button_two_letter_spacing__hover_enabled=&#8220;off&#8220; button_bg_color__hover_enabled=&#8220;off&#8220; button_one_bg_color__hover_enabled=&#8220;off&#8220; button_two_bg_color__hover_enabled=&#8220;off&#8220; sticky_enabled=&#8220;0&#8243;][\/et_pb_contact_field][et_pb_contact_field field_id=&#8220;typ1&#8243; field_title=&#8220;Rollstuhltyp*&#8220; field_type=&#8220;checkbox&#8220; checkbox_options=&#8220;%91{%22value%22:%22Starrrahmen%22,%22checked%22:0,%22dragID%22:-1},{%22value%22:%22Faltrahmen%22,%22checked%22:0,%22dragID%22:0}%93&#8243; fullwidth_field=&#8220;on&#8220; _builder_version=&#8220;4.6.5&#8243; hover_enabled=&#8220;0&#8243; button_text_size__hover_enabled=&#8220;off&#8220; button_one_text_size__hover_enabled=&#8220;off&#8220; button_two_text_size__hover_enabled=&#8220;off&#8220; button_text_color__hover_enabled=&#8220;off&#8220; button_one_text_color__hover_enabled=&#8220;off&#8220; button_two_text_color__hover_enabled=&#8220;off&#8220; button_border_width__hover_enabled=&#8220;off&#8220; button_one_border_width__hover_enabled=&#8220;off&#8220; button_two_border_width__hover_enabled=&#8220;off&#8220; button_border_color__hover_enabled=&#8220;off&#8220; button_one_border_color__hover_enabled=&#8220;off&#8220; button_two_border_color__hover_enabled=&#8220;off&#8220; button_border_radius__hover_enabled=&#8220;off&#8220; button_one_border_radius__hover_enabled=&#8220;off&#8220; button_two_border_radius__hover_enabled=&#8220;off&#8220; button_letter_spacing__hover_enabled=&#8220;off&#8220; button_one_letter_spacing__hover_enabled=&#8220;off&#8220; button_two_letter_spacing__hover_enabled=&#8220;off&#8220; button_bg_color__hover_enabled=&#8220;off&#8220; button_one_bg_color__hover_enabled=&#8220;off&#8220; button_two_bg_color__hover_enabled=&#8220;off&#8220; sticky_enabled=&#8220;0&#8243;][\/et_pb_contact_field][et_pb_contact_field field_id=&#8220;model1&#8243; field_title=&#8220;Rollstuhlmodel*&#8220; _builder_version=&#8220;4.6.5&#8243; hover_enabled=&#8220;0&#8243; button_text_size__hover_enabled=&#8220;off&#8220; button_one_text_size__hover_enabled=&#8220;off&#8220; button_two_text_size__hover_enabled=&#8220;off&#8220; button_text_color__hover_enabled=&#8220;off&#8220; button_one_text_color__hover_enabled=&#8220;off&#8220; button_two_text_color__hover_enabled=&#8220;off&#8220; button_border_width__hover_enabled=&#8220;off&#8220; button_one_border_width__hover_enabled=&#8220;off&#8220; button_two_border_width__hover_enabled=&#8220;off&#8220; button_border_color__hover_enabled=&#8220;off&#8220; button_one_border_color__hover_enabled=&#8220;off&#8220; button_two_border_color__hover_enabled=&#8220;off&#8220; button_border_radius__hover_enabled=&#8220;off&#8220; button_one_border_radius__hover_enabled=&#8220;off&#8220; button_two_border_radius__hover_enabled=&#8220;off&#8220; button_letter_spacing__hover_enabled=&#8220;off&#8220; button_one_letter_spacing__hover_enabled=&#8220;off&#8220; button_two_letter_spacing__hover_enabled=&#8220;off&#8220; button_bg_color__hover_enabled=&#8220;off&#8220; button_one_bg_color__hover_enabled=&#8220;off&#8220; button_two_bg_color__hover_enabled=&#8220;off&#8220; sticky_enabled=&#8220;0&#8243;][\/et_pb_contact_field][et_pb_contact_field field_id=&#8220;Daten1&#8243; field_title=&#8220;Datenschutz*&#8220; field_type=&#8220;checkbox&#8220; checkbox_options=&#8220;%91{%22value%22:%22%22,%22checked%22:0,%22dragID%22:-1,%22link_url%22:%22https:\/\/i-ryde.de\/datenschutz\/%22,%22link_text%22:%22Ich stimme der  Datenschutzerkl\u00e4rung zu%22}%93&#8243; fullwidth_field=&#8220;on&#8220; _builder_version=&#8220;4.6.5&#8243; _module_preset=&#8220;default&#8220; hover_enabled=&#8220;0&#8243; sticky_enabled=&#8220;0&#8243;][\/et_pb_contact_field][\/et_pb_contact_form][\/et_pb_column][\/et_pb_row][\/et_pb_section]<\/p>","protected":false},"excerpt":{"rendered":"<p>[et_pb_section fb_built = \u201c1 \u2033 _builder_version =\u201c 4.6.5 \u2033 _module_preset = \u201cdefault\u201c background_color = \u201c#e09900 \u2033 custom_padding =\u201c 80px || 15px || false | false \u201ctop_divider_height =\u201c 50px \u201ctop_divider_row _builder_version = \u201c4.6.5 \u2033 _module_preset =\u201c default \u201ccustom_padding =\u201c 50px || 50px || false | false \u201c] [et_pb_column type =\u201c 4_4 \u2033 _builder_version = \u201c4.6.5 \u2033 _module_preset =\u201c default \u201c] [dsm_text_notation notation_text = \u201cBook your free test drive now\u201c notation_color = \u201c#e02b20 \u2033 notation_width =\u201c 3 \u2033 notation_iterations = \u201c5 \u2033 notation_delay =\u201c 300ms \u201cheading_html_tag =\u201c h2 \u2033 _builder_version = \u201c4.6.5 \u2033 _module_preset =\u201c default text_orientation \u201c42px\u201c = \u201cCenter\u201c min_height = \u201c88px\u201c custom_margin = \u201c|| 1px || false | false\u201c] [\/ dsm_text_notation] [\/ et_pb_column] [\/ et_pb_row] [et_pb_row _builder_version = \u201c4.6.5 \u2033 _module_preset =\u201c default \u201cbackground_color = \u201c#ffffff\u201c custom_margin = \u201c|| 100px || false | false\u201c custom_padding = \u201c15px | 15px | 15px | 15px | false | false\u201c border_radii = \u201con | 10px | 10px | 10px | 10px\u201c box_shadow_s tyle = \u201cpreset1 \u2033 locked =\u201c off \u201c] [et_pb_column type =\u201c 4_4 \u2033 _builder_version = \u201c4.6.5 \u2033 _module_preset =\u201c default \u201c] [et_pb_contact_form captcha =\u201c off \u201cemail =\u201c support@i-ryde.de \u201ccustom_message = \u201cTest drive request from i-Ryde. Report Please as soon as possible on it. || || et_pb_line_break_holder %%vorname%% %%name%% || || et_pb_line_break_holder %%str1%% %%ort1%% || || et_pb_line_break_holder %%tele1%% || || et_pb_line_break_holder %%email%% [...]<\/p>","protected":false},"author":3,"featured_media":0,"parent":0,"menu_order":0,"comment_status":"closed","ping_status":"closed","template":"","meta":{"_et_pb_use_builder":"on","_et_pb_old_content":"","_et_gb_content_width":"","_links_to":"","_links_to_target":""},"yoast_head":"<!-- This site is optimized with the Yoast SEO plugin v15.9 - https:\/\/yoast.com\/wordpress\/plugins\/seo\/ -->\n<title>Testfahrt - i-Ryde Testfahrt - kontaktiere uns - www.i-ryde.de<\/title>\n<meta name=\"description\" content=\"Kontaktiere uns noch heute f\u00fcr eine i-Ryde Testfahrt. Der Fahrer beh\u00e4lt die Macht. Spar dir deine Kr\u00e4fte f\u00fcr die wichtigeren Dinge im Leben\" \/>\n<meta name=\"robots\" content=\"index, follow, max-snippet:-1, max-image-preview:large, max-video-preview:-1\" \/>\n<link rel=\"canonical\" href=\"https:\/\/i-ryde.de\/en\/testfahrt\/\" \/>\n<meta property=\"og:locale\" content=\"en_US\" \/>\n<meta property=\"og:type\" content=\"article\" \/>\n<meta property=\"og:title\" content=\"Testfahrt - i-Ryde Testfahrt - kontaktiere uns - www.i-ryde.de\" \/>\n<meta property=\"og:description\" content=\"Kontaktiere uns noch heute f\u00fcr eine i-Ryde Testfahrt. Der Fahrer beh\u00e4lt die Macht. Spar dir deine Kr\u00e4fte f\u00fcr die wichtigeren Dinge im Leben\" \/>\n<meta property=\"og:url\" content=\"https:\/\/i-ryde.de\/en\/testfahrt\/\" \/>\n<meta property=\"og:site_name\" content=\"i-ryde\" \/>\n<meta property=\"article:modified_time\" content=\"2020-12-22T18:13:49+00:00\" \/>\n<meta name=\"twitter:card\" content=\"summary_large_image\" \/>\n<meta name=\"twitter:label1\" content=\"Est. reading time\">\n\t<meta name=\"twitter:data1\" content=\"8 minutes\">\n<script type=\"application\/ld+json\" class=\"yoast-schema-graph\">{\"@context\":\"https:\/\/schema.org\",\"@graph\":[{\"@type\":\"WebSite\",\"@id\":\"https:\/\/i-ryde.de\/#website\",\"url\":\"https:\/\/i-ryde.de\/\",\"name\":\"i-ryde\",\"description\":\"Eine weitere WordPress-Website\",\"potentialAction\":[{\"@type\":\"SearchAction\",\"target\":\"https:\/\/i-ryde.de\/?s={search_term_string}\",\"query-input\":\"required name=search_term_string\"}],\"inLanguage\":\"en-US\"},{\"@type\":\"WebPage\",\"@id\":\"https:\/\/i-ryde.de\/testfahrt\/#webpage\",\"url\":\"https:\/\/i-ryde.de\/testfahrt\/\",\"name\":\"Testfahrt - i-Ryde Testfahrt - kontaktiere uns - www.i-ryde.de\",\"isPartOf\":{\"@id\":\"https:\/\/i-ryde.de\/#website\"},\"datePublished\":\"2020-10-27T18:53:54+00:00\",\"dateModified\":\"2020-12-22T18:13:49+00:00\",\"description\":\"Kontaktiere uns noch heute f\\u00fcr eine i-Ryde Testfahrt. Der Fahrer beh\\u00e4lt die Macht. Spar dir deine Kr\\u00e4fte f\\u00fcr die wichtigeren Dinge im Leben\",\"breadcrumb\":{\"@id\":\"https:\/\/i-ryde.de\/testfahrt\/#breadcrumb\"},\"inLanguage\":\"en-US\",\"potentialAction\":[{\"@type\":\"ReadAction\",\"target\":[\"https:\/\/i-ryde.de\/testfahrt\/\"]}]},{\"@type\":\"BreadcrumbList\",\"@id\":\"https:\/\/i-ryde.de\/testfahrt\/#breadcrumb\",\"itemListElement\":[{\"@type\":\"ListItem\",\"position\":1,\"item\":{\"@type\":\"WebPage\",\"@id\":\"https:\/\/i-ryde.de\/\",\"url\":\"https:\/\/i-ryde.de\/\",\"name\":\"Startseite\"}},{\"@type\":\"ListItem\",\"position\":2,\"item\":{\"@type\":\"WebPage\",\"@id\":\"https:\/\/i-ryde.de\/testfahrt\/\",\"url\":\"https:\/\/i-ryde.de\/testfahrt\/\",\"name\":\"Testfahrt\"}}]}]}<\/script>\n<!-- \/ Yoast SEO plugin. -->","_links":{"self":[{"href":"https:\/\/i-ryde.de\/en\/wp-json\/wp\/v2\/pages\/500"}],"collection":[{"href":"https:\/\/i-ryde.de\/en\/wp-json\/wp\/v2\/pages"}],"about":[{"href":"https:\/\/i-ryde.de\/en\/wp-json\/wp\/v2\/types\/page"}],"author":[{"embeddable":true,"href":"https:\/\/i-ryde.de\/en\/wp-json\/wp\/v2\/users\/3"}],"replies":[{"embeddable":true,"href":"https:\/\/i-ryde.de\/en\/wp-json\/wp\/v2\/comments?post=500"}],"version-history":[{"count":13,"href":"https:\/\/i-ryde.de\/en\/wp-json\/wp\/v2\/pages\/500\/revisions"}],"predecessor-version":[{"id":895,"href":"https:\/\/i-ryde.de\/en\/wp-json\/wp\/v2\/pages\/500\/revisions\/895"}],"wp:attachment":[{"href":"https:\/\/i-ryde.de\/en\/wp-json\/wp\/v2\/media?parent=500"}],"curies":[{"name":"wp","href":"https:\/\/api.w.org\/{rel}","templated":true}]}}